{"id":41886,"date":"2018-09-02T18:41:56","date_gmt":"2018-09-02T16:41:56","guid":{"rendered":"http:\/\/peshmergekan.com\/new-page-2-2\/"},"modified":"2023-09-20T18:55:15","modified_gmt":"2023-09-20T16:55:15","slug":"new-page-2-2","status":"publish","type":"page","link":"https:\/\/peshmergekan.com\/?page_id=41886","title":{"rendered":"Contacts"},"content":{"rendered":"<p>nalosi@gmail.com<\/p>\n<h3 dir=\"rtl\"><span style=\"font-family: calibri;\">\u0645\u0627\u06b5\u067e\u06d5\u0695\u06cc \u067e \u0645 \u060c \u062a\u06d5\u0646\u06cc\u0627 \u0646\u0627\u0648 \u0648 \u0626\u06cc\u0645\u0627\u06cc\u0644\u06cc \u0626\u06d5\u0648 \u06a9\u06d5\u0633\u0627\u0646\u06d5\u06cc \u06a9\u06d5 \u0644\u06d5 \u0647\u06d5\u0648\u0627\u06b5\u06d5\u06a9\u0627\u0646\u062a\u0627\u0646 \u0646\u0627\u0648\u06cc\u0627\u0646 \u062f\u06cc\u062a \u06cc\u0627\u0646 \u0628\u0627\u0628\u06d5\u062a\u06d5\u06a9\u0627\u0646\u06cc\u0627\u0646 \u0644\u0627\u06cc \u0626\u06ce\u0645\u06d5 \u0628\u06b5\u0627\u0648 \u062f\u06d5\u0628\u0646\u06d5\u0648\u06d5\u00a0 \u0644\u06d5 \u0633\u0627\u06cc\u062a \u0631\u0627\u062f\u06d5\u06af\u0631\u06ce\u060c \u0626\u06d5\u06af\u06d5\u0631 \u0628\u06d5\u0695\u06ce\u0632\u06ce\u06a9\u06cc\u0634 \u06af\u0644\u06d5\u06cc\u06cc \u0647\u06d5\u06cc\u06d5 \u062f\u06d5\u062a\u0648\u0627\u0646\u06ce \u0644\u06d5 \u0631\u06ce\u06af\u0627\u06cc \u0626\u06cc\u0645\u0627\u06cc\u0644\u00a0 \u067e\u06d5\u06cc\u0648\u06d5\u0646\u062f\u06cc\u0645\u0627\u0646 \u067e\u06ce\u0648\u06d5 \u0628\u06a9\u0627\u062a.<\/span><\/h3>\n<p dir=\"rtl\"><strong><span style=\"font-size: 18pt;\">\u0633\u0627\u06ce\u062a\u06cc \u067e\u06ce\u0634\u0645\u06d5\u0631\u06af\u06d5\u06a9\u0627\u0646\u060c \u0633\u0627\u06cc\u062a\u06cc \u062a\u0627\u06a9\u06d5\u06a9\u06d5\u0633\u06cc \u0648 \u062e\u06c6\u0628\u06d5\u062e\u0634 \u0628\u06d5\u0695\u06ce\u0648\u06d5 \u062f\u06d5\u0686\u06ce \u0648 \u0647\u06cc\u0686 \u06cc\u0627\u0631\u0645\u06d5\u062a\u06cc \u06cc\u0627\u0646 \u062f\u0627\u0647\u0627\u062a\u06ce\u06a9\u06cc\u00a0 \u0646\u06cc\u06d5.\u00a0<\/span><\/strong><\/p>\n<p dir=\"rtl\" style=\"text-align: left;\"><strong>Peshmergekan enskild webbplats\u00a0 och drivs av volont\u00e4rer (Hobby) och har ingen Ekonomisk hj\u00e4lp eller inkomst<\/strong><\/p>\n<p><strong><span style=\"font-size: 14pt;\">Peshmergekan individual website and run by volunteers (Hobby) and has no Financial help or income<\/span><\/strong><\/p>\n<h3 style=\"padding-bottom: 5px; border-bottom-width: 1px; border-bottom-style: solid; border-bottom-color: #bec7cb; text-align: center;\">Peshmergekan.com<\/h3>\n<p style=\"text-align: center;\"><span style=\"font-family: calibri;\">\u00a0 \u00a0 \u00a0\u0633\u0627\u06cc\u062a\u06ce\u06a9\u06cc \u0633\u06d5\u0631\u0628\u06d5\u062e\u06c6\u06cc \u0634\u06d5\u062e\u0633\u06cc\u06d5 \u0648 \u0632\u06c6\u0631\u062a\u0631 \u0644\u06d5 \u00a0\u06a9\u0627\u062a\u06cc\u06cc \u0626\u0627\u0632\u0627\u062f \u062f\u0627 \u00a0\u0646\u0648\u06ce \u062f\u06d5\u06a9\u0631\u06ce\u062a\u06d5\u0648\u06d5 . \u0646\u0648\u0648\u0633\u06d5\u0631\u0627\u0646 \u062e\u06c6\u06cc\u0627\u0646 \u0644\u06d5 \u0646\u0648\u0648\u0633\u06cc\u0646\u06d5\u06a9\u0627\u0646\u06cc\u0627\u0646 \u0628\u06d5\u0631\u067e\u0631\u0633\u0646<\/span><\/p>\n<p>Email: nalosi@gmail.com<\/p>\n<p style=\"text-align: left;\"><span style=\"color: #000000; font-family: calibri;\">Integritetspolicy &#8211; GDPR<\/span><\/p>\n<p style=\"text-align: left;\"><span style=\"color: #000000; font-family: calibri;\">Det finns s\u00e4rskilda regler f\u00f6r hur personuppgifter ska hanteras p\u00e5 ett tryggt och s\u00e4kert s\u00e4tt. Den 25 maj 2018 kommer personuppgiftslagen ers\u00e4ttas av den nya dataskyddsf\u00f6rordningen (GDPR), vilket g\u00f6r att kraven f\u00f6r\u00e4ndras n\u00e5got.<\/span><\/p>\n<p style=\"text-align: left;\"><span style=\"font-family: calibri;\"><span style=\"color: #000000;\">\u00a0Med anledning av dessa f\u00f6r\u00e4ndringar sparar vi bara E-mail och namn p\u00e5 offentliga personer \u00a0som skickar sina artiklar och nyheter till oss.<\/span><\/span><\/p>\n<p style=\"text-align: left;\"><span style=\"color: #000000; font-family: calibri;\">Om du har fr\u00e5gor om vad som g\u00e4ller f\u00f6r dina personuppgifter, ett\u00a0 klagom\u00e5l eller en fr\u00e5ga om oss kan du kontakta oss.<\/span><\/p>\n<p style=\"text-align: left;\"><span style=\"color: #000000; font-family: calibri;\">nalosi@gmail.com<\/span><\/p>\n<p>&nbsp;<\/p>\n","protected":false},"excerpt":{"rendered":"<p>nalosi@gmail.com \u0645\u0627\u06b5\u067e\u06d5\u0695\u06cc \u067e \u0645 \u060c \u062a\u06d5\u0646\u06cc\u0627 \u0646\u0627\u0648 \u0648 \u0626\u06cc\u0645\u0627\u06cc\u0644\u06cc \u0626\u06d5\u0648 \u06a9\u06d5\u0633\u0627\u0646\u06d5\u06cc \u06a9\u06d5 \u0644\u06d5 \u0647\u06d5\u0648\u0627\u06b5\u06d5\u06a9\u0627\u0646\u062a\u0627\u0646 \u0646\u0627\u0648\u06cc\u0627\u0646 \u062f\u06cc\u062a \u06cc\u0627\u0646 \u0628\u0627\u0628\u06d5\u062a\u06d5\u06a9\u0627\u0646\u06cc\u0627\u0646 \u0644\u0627\u06cc \u0626\u06ce\u0645\u06d5 \u0628\u06b5\u0627\u0648 \u062f\u06d5\u0628\u0646\u06d5\u0648\u06d5\u00a0 \u0644\u06d5 \u0633\u0627\u06cc\u062a \u0631\u0627\u062f\u06d5\u06af\u0631\u06ce\u060c \u0626\u06d5\u06af\u06d5\u0631 \u0628\u06d5\u0695\u06ce\u0632\u06ce\u06a9\u06cc\u0634 \u06af\u0644\u06d5\u06cc\u06cc \u0647\u06d5\u06cc\u06d5 \u062f\u06d5\u062a\u0648\u0627\u0646\u06ce \u0644\u06d5 \u0631\u06ce\u06af\u0627\u06cc \u0626\u06cc\u0645\u0627\u06cc\u0644\u00a0 \u067e\u06d5\u06cc\u0648\u06d5\u0646\u062f\u06cc\u0645\u0627\u0646 \u067e\u06ce\u0648\u06d5 \u0628\u06a9\u0627\u062a. \u0633\u0627\u06ce\u062a\u06cc \u067e\u06ce\u0634\u0645\u06d5\u0631\u06af\u06d5\u06a9\u0627\u0646\u060c \u0633\u0627\u06cc\u062a\u06cc \u062a\u0627\u06a9\u06d5\u06a9\u06d5\u0633\u06cc \u0648 \u062e\u06c6\u0628\u06d5\u062e\u0634 \u0628\u06d5\u0695\u06ce\u0648\u06d5 \u062f\u06d5\u0686\u06ce \u0648 \u0647\u06cc\u0686 \u06cc\u0627\u0631\u0645\u06d5\u062a\u06cc \u06cc\u0627\u0646 \u062f\u0627\u0647\u0627\u062a\u06ce\u06a9\u06cc\u00a0 \u0646\u06cc\u06d5.\u00a0 Peshmergekan enskild webbplats\u00a0 och drivs&hellip;&nbsp;<a href=\"https:\/\/peshmergekan.com\/?page_id=41886\" rel=\"bookmark\">L\u00e4s mer &raquo;<span class=\"screen-reader-text\">Contacts<\/span><\/a><\/p>\n","protected":false},"author":1,"featured_media":0,"parent":0,"menu_order":6,"comment_status":"closed","ping_status":"closed","template":"","meta":{"neve_meta_sidebar":"","neve_meta_container":"","neve_meta_enable_content_width":"","neve_meta_content_width":0,"neve_meta_title_alignment":"","neve_meta_author_avatar":"","neve_post_elements_order":"","neve_meta_disable_header":"","neve_meta_disable_footer":"","neve_meta_disable_title":"","footnotes":""},"class_list":["post-41886","page","type-page","status-publish","hentry"],"yoast_head":"<!-- This site is optimized with the Yoast SEO plugin v27.5 - https:\/\/yoast.com\/product\/yoast-seo-wordpress\/ -->\n<title>Contacts - Peshmergekan<\/title>\n<meta name=\"description\" content=\"Contacts - Peshmergekan\" \/>\n<meta name=\"robots\" content=\"index, follow, max-snippet:-1, max-image-preview:large, max-video-preview:-1\" \/>\n<link rel=\"canonical\" href=\"https:\/\/peshmergekan.com\/?page_id=41886\" \/>\n<meta property=\"og:locale\" content=\"sv_SE\" \/>\n<meta property=\"og:type\" content=\"article\" \/>\n<meta property=\"og:title\" content=\"Contacts - Peshmergekan\" \/>\n<meta property=\"og:description\" content=\"Contacts - Peshmergekan\" \/>\n<meta property=\"og:url\" content=\"https:\/\/peshmergekan.com\/?page_id=41886\" \/>\n<meta property=\"og:site_name\" content=\"Peshmergekan\" \/>\n<meta property=\"article:publisher\" content=\"https:\/\/www.facebook.com\/profile.php?id=100063627368087\" \/>\n<meta property=\"article:modified_time\" content=\"2023-09-20T16:55:15+00:00\" \/>\n<meta name=\"twitter:card\" content=\"summary_large_image\" \/>\n<meta name=\"twitter:label1\" content=\"Ber\u00e4knad l\u00e4stid\" \/>\n\t<meta name=\"twitter:data1\" content=\"1 minut\" \/>\n<script type=\"application\/ld+json\" class=\"yoast-schema-graph\">{\"@context\":\"https:\\\/\\\/schema.org\",\"@graph\":[{\"@type\":\"WebPage\",\"@id\":\"https:\\\/\\\/peshmergekan.com\\\/?page_id=41886\",\"url\":\"https:\\\/\\\/peshmergekan.com\\\/?page_id=41886\",\"name\":\"Contacts - Peshmergekan\",\"isPartOf\":{\"@id\":\"https:\\\/\\\/peshmergekan.com\\\/#website\"},\"datePublished\":\"2018-09-02T16:41:56+00:00\",\"dateModified\":\"2023-09-20T16:55:15+00:00\",\"description\":\"Contacts - Peshmergekan\",\"breadcrumb\":{\"@id\":\"https:\\\/\\\/peshmergekan.com\\\/?page_id=41886#breadcrumb\"},\"inLanguage\":\"sv-SE\",\"potentialAction\":[{\"@type\":\"ReadAction\",\"target\":[\"https:\\\/\\\/peshmergekan.com\\\/?page_id=41886\"]}]},{\"@type\":\"BreadcrumbList\",\"@id\":\"https:\\\/\\\/peshmergekan.com\\\/?page_id=41886#breadcrumb\",\"itemListElement\":[{\"@type\":\"ListItem\",\"position\":1,\"name\":\"Hem\",\"item\":\"https:\\\/\\\/peshmergekan.com\\\/\"},{\"@type\":\"ListItem\",\"position\":2,\"name\":\"Contacts\"}]},{\"@type\":\"WebSite\",\"@id\":\"https:\\\/\\\/peshmergekan.com\\\/#website\",\"url\":\"https:\\\/\\\/peshmergekan.com\\\/\",\"name\":\"Peshmergekan\",\"description\":\"&quot;an independent online kurdish website\",\"publisher\":{\"@id\":\"https:\\\/\\\/peshmergekan.com\\\/#organization\"},\"potentialAction\":[{\"@type\":\"SearchAction\",\"target\":{\"@type\":\"EntryPoint\",\"urlTemplate\":\"https:\\\/\\\/peshmergekan.com\\\/?s={search_term_string}\"},\"query-input\":{\"@type\":\"PropertyValueSpecification\",\"valueRequired\":true,\"valueName\":\"search_term_string\"}}],\"inLanguage\":\"sv-SE\"},{\"@type\":\"Organization\",\"@id\":\"https:\\\/\\\/peshmergekan.com\\\/#organization\",\"name\":\"Peshmergekan\",\"url\":\"https:\\\/\\\/peshmergekan.com\\\/\",\"logo\":{\"@type\":\"ImageObject\",\"inLanguage\":\"sv-SE\",\"@id\":\"https:\\\/\\\/peshmergekan.com\\\/#\\\/schema\\\/logo\\\/image\\\/\",\"url\":\"https:\\\/\\\/peshmergekan.com\\\/wp-content\\\/uploads\\\/2025\\\/03\\\/cropped-logo-pm-seru.jpg\",\"contentUrl\":\"https:\\\/\\\/peshmergekan.com\\\/wp-content\\\/uploads\\\/2025\\\/03\\\/cropped-logo-pm-seru.jpg\",\"width\":512,\"height\":512,\"caption\":\"Peshmergekan\"},\"image\":{\"@id\":\"https:\\\/\\\/peshmergekan.com\\\/#\\\/schema\\\/logo\\\/image\\\/\"},\"sameAs\":[\"https:\\\/\\\/www.facebook.com\\\/profile.php?id=100063627368087\"]}]}<\/script>\n<!-- \/ Yoast SEO plugin. -->","yoast_head_json":{"title":"Contacts - Peshmergekan","description":"Contacts - Peshmergekan","robots":{"index":"index","follow":"follow","max-snippet":"max-snippet:-1","max-image-preview":"max-image-preview:large","max-video-preview":"max-video-preview:-1"},"canonical":"https:\/\/peshmergekan.com\/?page_id=41886","og_locale":"sv_SE","og_type":"article","og_title":"Contacts - Peshmergekan","og_description":"Contacts - Peshmergekan","og_url":"https:\/\/peshmergekan.com\/?page_id=41886","og_site_name":"Peshmergekan","article_publisher":"https:\/\/www.facebook.com\/profile.php?id=100063627368087","article_modified_time":"2023-09-20T16:55:15+00:00","twitter_card":"summary_large_image","twitter_misc":{"Ber\u00e4knad l\u00e4stid":"1 minut"},"schema":{"@context":"https:\/\/schema.org","@graph":[{"@type":"WebPage","@id":"https:\/\/peshmergekan.com\/?page_id=41886","url":"https:\/\/peshmergekan.com\/?page_id=41886","name":"Contacts - Peshmergekan","isPartOf":{"@id":"https:\/\/peshmergekan.com\/#website"},"datePublished":"2018-09-02T16:41:56+00:00","dateModified":"2023-09-20T16:55:15+00:00","description":"Contacts - Peshmergekan","breadcrumb":{"@id":"https:\/\/peshmergekan.com\/?page_id=41886#breadcrumb"},"inLanguage":"sv-SE","potentialAction":[{"@type":"ReadAction","target":["https:\/\/peshmergekan.com\/?page_id=41886"]}]},{"@type":"BreadcrumbList","@id":"https:\/\/peshmergekan.com\/?page_id=41886#breadcrumb","itemListElement":[{"@type":"ListItem","position":1,"name":"Hem","item":"https:\/\/peshmergekan.com\/"},{"@type":"ListItem","position":2,"name":"Contacts"}]},{"@type":"WebSite","@id":"https:\/\/peshmergekan.com\/#website","url":"https:\/\/peshmergekan.com\/","name":"Peshmergekan","description":"&quot;an independent online kurdish website","publisher":{"@id":"https:\/\/peshmergekan.com\/#organization"},"potentialAction":[{"@type":"SearchAction","target":{"@type":"EntryPoint","urlTemplate":"https:\/\/peshmergekan.com\/?s={search_term_string}"},"query-input":{"@type":"PropertyValueSpecification","valueRequired":true,"valueName":"search_term_string"}}],"inLanguage":"sv-SE"},{"@type":"Organization","@id":"https:\/\/peshmergekan.com\/#organization","name":"Peshmergekan","url":"https:\/\/peshmergekan.com\/","logo":{"@type":"ImageObject","inLanguage":"sv-SE","@id":"https:\/\/peshmergekan.com\/#\/schema\/logo\/image\/","url":"https:\/\/peshmergekan.com\/wp-content\/uploads\/2025\/03\/cropped-logo-pm-seru.jpg","contentUrl":"https:\/\/peshmergekan.com\/wp-content\/uploads\/2025\/03\/cropped-logo-pm-seru.jpg","width":512,"height":512,"caption":"Peshmergekan"},"image":{"@id":"https:\/\/peshmergekan.com\/#\/schema\/logo\/image\/"},"sameAs":["https:\/\/www.facebook.com\/profile.php?id=100063627368087"]}]}},"_links":{"self":[{"href":"https:\/\/peshmergekan.com\/index.php?rest_route=\/wp\/v2\/pages\/41886","targetHints":{"allow":["GET"]}}],"collection":[{"href":"https:\/\/peshmergekan.com\/index.php?rest_route=\/wp\/v2\/pages"}],"about":[{"href":"https:\/\/peshmergekan.com\/index.php?rest_route=\/wp\/v2\/types\/page"}],"author":[{"embeddable":true,"href":"https:\/\/peshmergekan.com\/index.php?rest_route=\/wp\/v2\/users\/1"}],"replies":[{"embeddable":true,"href":"https:\/\/peshmergekan.com\/index.php?rest_route=%2Fwp%2Fv2%2Fcomments&post=41886"}],"version-history":[{"count":0,"href":"https:\/\/peshmergekan.com\/index.php?rest_route=\/wp\/v2\/pages\/41886\/revisions"}],"wp:attachment":[{"href":"https:\/\/peshmergekan.com\/index.php?rest_route=%2Fwp%2Fv2%2Fmedia&parent=41886"}],"curies":[{"name":"wp","href":"https:\/\/api.w.org\/{rel}","templated":true}]}}